
{"id":3,"date":"2020-11-18T09:28:22","date_gmt":"2020-11-18T08:28:22","guid":{"rendered":"http:\/\/terrediger.it\/shop\/?page_id=3"},"modified":"2021-02-23T16:00:57","modified_gmt":"2021-02-23T15:00:57","slug":"privacy-policy","status":"publish","type":"page","link":"https:\/\/terrediger.it\/shop\/privacy-policy\/","title":{"rendered":"Privacy Policy"},"content":{"rendered":"<h3>Privacy Policy<\/h3>\n<p>Ai sensi e per gli effetti di quanto disposto dal Regolamento (UE) 2016\/679 del Parlamento Europeo e del Consiglio del 27 aprile 2016 (GDPR), si informa che la presente informativa privacy si applica ai dati personali forniti a Terre di Ger o che derivino dalla raccolta mediante cookie ed altre tecnologie di tracciatura web ed \u00e8 relativa al \u201cSito\u201d <a href=\"http:\/\/www.terrediger.it\">www.terrediger.it<\/a><\/p>\n<ul>\n<li><strong>TITOLARE DEL TRATTAMENTO:<\/strong><\/li>\n<\/ul>\n<p>Il titolare del trattamento dei dati personali, nonch\u00e9 proprietaria del Sito e titolare del corrispondente nome e dominio, \u00e8 Terre di Ger di Spinazz\u00e8 Gianluigi &amp; C. s.s., in persona del legale rappresentante <em>pro tempore, <\/em>con sede legale in Strada della Meduna n. 17, 33076 &#8211; Frattina di Pravisdomini (PN), iscritta al Registro delle Imprese di PN N. REA 56803, Codice Fiscale e N. Iscr. al Registro Imprese 02357880265, P. IVA 01239590936 (d\u2019ora innanzi denominata Terre di Ger).<\/p>\n<p>&nbsp;<\/p>\n<ul>\n<li><strong>ACQUISTI SUL SITO:<\/strong><\/li>\n<\/ul>\n<p>Previo conferimento e accettazione, i dati personali verranno trattati per poter effettuare acquisti sul Sito.<\/p>\n<p>&nbsp;<\/p>\n<ul>\n<li><strong>REGISTRAZIONE:<\/strong><\/li>\n<\/ul>\n<p>Le informazioni e i dati personali richiesti in caso di registrazione al Sito verranno utilizzati per consentire sia di accedere all\u2019area riservata del Sito, sia di usufruire dei servizi on-line offerti da Terre di Ger agli Utenti registrati.<\/p>\n<p>&nbsp;<\/p>\n<ul>\n<li><strong>MARKETING:<\/strong><\/li>\n<\/ul>\n<p>Previo consenso, Terre di Ger potr\u00e0 trattare i dati personali conferiti al fine di inviare materiale pubblicitario relativo a prodotti e\/o servizi propri o eventualmente di terzi.<\/p>\n<ul>\n<li><strong>PROFILAZIONE:<\/strong><\/li>\n<\/ul>\n<p>Previo consenso, Terre di Ger potr\u00e0 trattare i dati personali per finalit\u00e0 di profilazione, ossia per l\u2019analisi delle scelte di consumo attraverso la rivelazione delle tipologia e della frequenza degli acquisti\u00a0 effettuati, al fine di inviare materiale pubblicitario di Terre di Ger o di terzi di specifico interesse, nonch\u00e9 per presentare sul Sito prodotti di Suo specifico interesse.<\/p>\n<p>&nbsp;<\/p>\n<ul>\n<li><strong>SOFT SPAMMING:<\/strong><\/li>\n<\/ul>\n<p>Terre di Ger potr\u00e0 utilizzare, a fini della vendita diretta dei Prodotti offerti in vendita tramite il Sito, le coordinate di posta elettronica fornite nel contesto di un acquisto sul Sito, anche senza il consenso, sempre che si tratti di un Prodotto analogo a quello oggetto della precedente vendita (c.d. soft spamming). Si potr\u00e0 comunque rifiutare questo trattamento in qualsiasi momento comunicando l\u2019 opposizione a Terre di Ger con le modalit\u00e0 di seguito indicate.<\/p>\n<p>&nbsp;<\/p>\n<ul>\n<li><strong>FINALITA\u2019 DEL TRATTAMENTO:<\/strong><\/li>\n<\/ul>\n<p>Le informazioni fornite attraverso l\u2019invio di una e-mail e\/o attraverso la compilazione del form di registrazione vengono utilizzate:<\/p>\n<ol>\n<li>Per consentire l\u2019iscrizione al Sito e accedere ai servizi riservati agli Utenti registrati nonch\u00e9 per permettere il rispetto degli obblighi derivanti dalla legge o dai regolamenti in vigore, in particolare, in ambito amministrativo, contabile, di pubblica sicurezza. La base giuridica del trattamento \u00e8 il consenso al trattamento dei dati per iscriversi al Sito e accedere ai servizi riservati agli Utenti registrati;<\/li>\n<li>Nel caso di effettuazione di un ordine di acquisto on-line, per consentire la conclusione del contratto di acquisto e la corretta esecuzione delle operazioni connesse al medesimo (e, qualora necessario in base alla normativa di settore, per assolvere agli obblighi fiscali). La base giuridica del trattamento \u00e8 l\u2019esistenza di un contratto di compravendita.<\/li>\n<li>Limitatamente alle coordinate di posta elettronica fornite nel contesto di un acquisto tramite il Sito, per consentire l\u2019offerta diretta da parte di Terre di Ger di prodotti analoghi (c.d. soft spamming), sempre che non via sia opposizione a tale trattamento nelle modalit\u00e0 previste dalla presente informativa. La base giuridica del trattamento \u00e8 il legittimo interesse di Terre di Ger ad inviare questo tipo di comunicazioni;<\/li>\n<li>Previo consenso, per l\u2019invio di newsletter e per l\u2019effettuazione di indagini di mercato, anche dirette a valutare il grado di soddisfazione degli Utenti, e l\u2019invio di materiale pubblicitario relativo a Prodotti e\/o servizi di Terre di Ger e\/o di terzi, a mezzo di sistemi automatizzati, quali e-mail, fax, sms o MMS, whatsapp, ovvero mediante modalit\u00e0 tradizionali (per es. posta cartacea o telefono) (FINALITA\u2019 DI MARKETING); previo \u00a0consenso, per l\u2019elaborazione del \u00a0profilo commerciale, tramite rilevazione ed elaborazione delle \u00a0scelte e abitudini di acquisto sul Sito, al fine sia di monitorare il grado di soddisfazione della clientela per assicurare un miglior soddisfacimento delle esigenze della stessa, sia di inviare materiale pubblicitario, relativo a prodotti e\/o servizi di Terre di Ger e\/o di terzi, di \u00a0specifico interesse, a mezzo di sistemi automatizzati, quali e-mail, fax, sms, MMS, whatsapp, ovvero mediante modalit\u00e0 tradizionali (per es. posta cartacea o telefono) (FINALITA\u2019 DI PROLIFERAZIONE). La base giuridica del trattamento \u00e8 il legittimo interesse di Terre di Ger a svolgere questo tipo di attivit\u00e0.<\/li>\n<li>Per rispondere alle richieste tramite il servizio di <em>costumer care<\/em>. Il conferimento \u00e8 facoltativo, ma il rifiuto comporter\u00e0 l\u2019impossibilit\u00e0 per Terre di Ger di rispondere alle \u00a0domande tramite questo servizio. La base giuridica del trattamento \u00e8 il legittimo interesse di Terre di Ger a dare seguito alle richieste dell\u2019Utente;<\/li>\n<li>Per rispondere per telefono e\/o per e-mail alle richieste oppure per comunicare che uno o pi\u00f9 Prodotti di possibile interesse sono disponibili sul Sito. Il conferimento \u00e8 facoltativo, ma il\u00a0 \u00a0rifiuto comporter\u00e0 l\u2019impossibilit\u00e0 per Terre di Ger di rispondere alle \u00a0 La base giuridica del trattamento \u00e8 il legittimo interesse di Terre di Ger a rispondere alle richieste dell\u2019Utente.<\/li>\n<\/ol>\n<p>Il conferimento dei dati per le finalit\u00e0 di cui ai punti 1) e 2) \u00e8 meramente facoltativo. Tuttavia, poich\u00e9 tale trattamento \u00e8 necessario per consentire la registrazione al Sito nonch\u00e9 per effettuare un acquisto sul Sito, l\u2019 eventuale rifiuto di conferire i dati in questione comporter\u00e0 l\u2019impossibilit\u00e0 di registrarsi al Sito e di effettuare tale acquisto tramite il Sito.<\/p>\n<p>L\u2019assenso al trattamento dei \u00a0dati per finalit\u00e0 di marketing e di profilazione \u00e8 meramente facoltativo. Il mancato assenso implicher\u00e0 esclusivamente le conseguenze di seguito descritte.<\/p>\n<p>Il mancato assenso al trattamento dei dati per finalit\u00e0 di marketing comporter\u00e0 l\u2019impossibilit\u00e0 \u00a0di ricevere materiale pubblicitario relativo a prodotti e\/o servizi di Terre di Ger e\/o di terzi nonch\u00e9 l\u2019impossibilit\u00e0 per Terre di Ger di svolgere indagini di mercato, anche dirette a valutare il grado di soddisfazione degli Utenti, nonch\u00e9 di inviare newsletter.<\/p>\n<p>Il mancato assenso al trattamento dei \u00a0dati personali per finalit\u00e0 di profilazione comporter\u00e0 l\u2019impossibilit\u00e0 per Terre di Ger di elaborare il \u00a0profilo commerciale, mediante la rilevazione delle scelte e abitudini di acquisto sul Sito (anche al fine di garantire un maggior soddisfacimento delle esigenze della clientela), nonch\u00e9 di inviare materiale pubblicitario, relativo a beni e\/o servizi di Terre di Ger e\/o di terzi, di \u00a0specifico interesse.<\/p>\n<p>Fermo quanto precede, resta inteso che Terre di Ger potr\u00e0 comunque utilizzare i \u00a0dati personali al solo fine di dare corretto adempimento agli obblighi previsti dalle leggi in vigore e agli obblighi derivanti dai rapporti contrattuali instaurati tra l\u2019Utente e Terre di Ger.<\/p>\n<p>Ricordiamo che l\u2019Utente potr\u00e0 opporsi al trattamento dei dati personali inviando una e-mail a Terre di Ger all\u2019indirizzo <a href=\"mailto:info@terrediger.it\">info@terrediger.it<\/a> oppure tramite apposito link presente in calce a qualsiasi e-mail a contenuto promozionale inviata da Terre di Ger. L\u2019opposizione manifestata con tali modalit\u00e0 si estende anche all\u2019invio di comunicazioni mediante servizio postale.<\/p>\n<p>&nbsp;<\/p>\n<ul>\n<li><strong>DATI RELATIVI ALLA CARTA DI PAGAMENTO<\/strong><\/li>\n<\/ul>\n<p>Per effettuare un pagamento tramite una delle carte di pagamento offerte sul Sito, l\u2019Utente dovr\u00e0 inserire i dati riservati della carta di pagamento direttamente su una pagina che comunicher\u00e0 attraverso protocollo di crittazione sicuro con il fornitore del servizio di pagamento (che agir\u00e0 in qualit\u00e0 di autonomo titolare del trattamento), senza transitare dal server di Terre di Ger che, quindi, non tratter\u00e0 in alcun modo tali dati. I dati verranno acquisiti in formato criptato.<\/p>\n<p>Con riferimento al trattamento dei dati della carta di pagamento , si precisa che il trattamento dei dati personali \u00e8 necessario per consentire la conclusione del contratto di acquisto on-line con Terre di Ger. Il mancato conferimento di questi dati pertanto, non \u00a0consentir\u00e0 di completare il processo di acquisto on-line.<\/p>\n<p>&nbsp;<\/p>\n<ul>\n<li><strong>DATI SENSIBILI\/GIUDIZIARI<\/strong><\/li>\n<\/ul>\n<p>Terre di Ger non tratta dati sensibili o giudiziari.<\/p>\n<p>&nbsp;<\/p>\n<ul>\n<li><strong>MODALITA\u2019 DEL TRATTAMENTO<\/strong><\/li>\n<\/ul>\n<p>Il trattamento dei dati personali che riguardano l\u2019Utente sar\u00e0 principalmente effettuato con l\u2019ausilio di mezzi elettronici o comunque automatizzati, secondo le modalit\u00e0 e con gli strumenti idonei a garantire la sicurezza e la riservatezza dei dati stessi in conformit\u00e0 al GDPR. In particolare, saranno adottate tutte le misure tecniche, informatiche, organizzative, logistiche e procedurali di sicurezza necessarie affinch\u00e8 sia garantito almeno il livello minimo di protezione dei dati previsto dalla legge, consentendo l\u2019accesso alle sole persone incaricate del trattamento da parte di Terre di Ger o dei Responsabili del Trattamento designati da Terre di Ger.<\/p>\n<p>Le informazioni acquisite e le modalit\u00e0 di trattamento saranno pertinenti e non eccedenti rispetto alla tipologia dei servizi resi. I dati saranno altres\u00ec gestiti e protetti in ambienti il cui accesso \u00e8 sotto costante controllo.<\/p>\n<p>&nbsp;<\/p>\n<ul>\n<li><strong>COMUNICAZIONE E DIFFUSIONE DEI DATI<\/strong><\/li>\n<\/ul>\n<p>I dati dell\u2019Utente potranno essere comunicati:<\/p>\n<ul>\n<li>a tutti quei soggetti (ivi incluse le Pubbliche Autorit\u00e0) che hanno accesso ai dati personali in forza di provvedimenti normativi o amministrativi;<\/li>\n<li>alle societ\u00e0 o soggetti terzi incaricati dei servizi di stampa, imbustamento, spedizione e\/o consegna e\/o ritiro dei Prodotti acquistati tramite il Sito;<\/li>\n<li>a uffici postali, corrieri o spedizionieri incaricati della consegna dei prodotti acquistati tramite il Sito;<\/li>\n<li>agli istituti bancari ed alle societ\u00e0 che gestiscono i circuiti nazionali ed internazionali di pagamento tramite i quali vengono effettuati i pagamenti on-line dei Prodotti acquistati tramite il Sito;<\/li>\n<li>a societ\u00e0, consulenti o professionisti eventualmente incaricati dell\u2019installazione, della manutenzione, dell\u2019aggiornamento e, in generale, della gestione degli hardware e software di Terre di Ger o di cui essa si serve per l\u2019erogazione dei propri servizi;<\/li>\n<li>a societ\u00e0 esterne incaricate dell\u2019invio di comunicazioni pubblicitarie per conto di Terre di Ger;<\/li>\n<li>ai dipendenti e\/o collaboratori di Terre di Ger;<\/li>\n<li>ai soggetti che gestiscono le transazioni di pagamento on-line;<\/li>\n<li>a tutti quei soggetti pubblici e\/o privati, persone fisiche e\/o giuridiche (studi di consulenza legale, amministrativa e fiscale, Uffici Giudiziari, Camere di Commercio; Camere ed Uffici del Lavoro, ecc.) qualora la comunicazione risulti necessaria o funzionale al corretto adempimento degli obblighi contrattuali assunti, nonch\u00e9 degli obblighi derivanti dalla legge.<\/li>\n<\/ul>\n<p>I dati che riguardano l\u2019Utente non saranno diffusi, se non in forma anonima ed aggregata, per finalit\u00e0 statistiche o di ricerca.<\/p>\n<p>&nbsp;<\/p>\n<ul>\n<li><strong>TITOLARE DEL TRATTAMENTO<\/strong><\/li>\n<\/ul>\n<p>Terre di Ger, in qualit\u00e0 di Titolare del Trattamento dei dati personali pu\u00f2 essere contattata ai seguenti recapiti:<\/p>\n<p>TERRE DI GER DI SPINAZZE\u2019 GIANLUIGI &amp; C. S.S<\/p>\n<p>Via Strada della Meduna n. 17<\/p>\n<p>33076 \u2013 Frattina di Pavisdomini (PN)<\/p>\n<p>Telefono: +39 0434 644452 (con orario 8.30 &#8211; 12.30 e 14.00 &#8211; 18.00)<\/p>\n<p>E mail: info[at]terrediger[punto]it<\/p>\n<p>&nbsp;<\/p>\n<ul>\n<li><strong>CONSERVAZIONE DEI DATI PERSONALI<\/strong><\/li>\n<\/ul>\n<p>Terre di Ger conserver\u00e0 i \u00a0dati personali non oltre il tempo necessario per soddisfare la finalit\u00e0 per la quale sono stati raccolti oppure sino al momento in cui verr\u00e0 dichiarata l\u2019opposizione a che Terre di Ger utilizzi i dati o fino al momento in cui verr\u00e0 ritirato il consenso. Nondimeno, nel caso in cui Terre di Ger sia tenuta ai sensi di legge a custodire i dati personali dell\u2019Utente per un tempo maggiore o laddove Terre di Ger abbia necessit\u00e0 dei dati personali per promuovere o difendersi da azioni giudiziali, Terre di Ger conserver\u00e0 i \u00a0dati personali dell\u2019Utente fino al termine del relativo periodo di custodia obbligatoria o sino al momento in cui le cause in questione siano risolte.<\/p>\n<p>In ogni caso, i dati personali non sono conservati per un periodo superiore a 10 anni.<\/p>\n<p>&nbsp;<\/p>\n<ul>\n<li><strong>DIRITTI DELL\u2019INTERESSATO<\/strong><\/li>\n<\/ul>\n<p>Ai sensi dell\u2019art. 13 del GDPR, Terre di Ger\u00a0 informa che l\u2019Utente ha diritto di:<\/p>\n<ul>\n<li>chiedere a Terre di Ger l\u2019accesso ai dati personali e la rettifica o la cancellazione degli stessi o la limitazione del trattamento che riguardano l\u2019Utente o di opporsi al loro trattamento, oltre al diritto alla portabilit\u00e0 dei dati;<\/li>\n<li>revocare il consenso in qualsiasi momento senza pregiudicare la liceit\u00e0 del trattamento basata sul consenso prestato prima della revoca;<\/li>\n<li>proporre reclamo ad un\u2019autorit\u00e0 di controllo (per es. il Garante per la protezione dei dati personali).<\/li>\n<\/ul>\n<p>I diritti di cui sopra potranno essere esercitati con richiesta rivolta senza formalit\u00e0 a Terre di Ger ai contatti indicati con riferimento al Titolare del Trattamento,<\/p>\n<p>In particolare, Terre di Ger \u00a0informa che il diritto alla portabilit\u00e0 implica che l\u2019Utente ha diritto di ricevere in un formato strutturato, di uso comune e leggibile da dispositivo automatico, i dati personali che lo riguardano forniti a Terre di Ger e ha diritto di trasmette tali dati a un altro titolare del trattamento senza impedimenti da parte di Terre di Ger.<\/p>\n<p>&nbsp;<\/p>\n<ul>\n<li><strong>MODIFICHE<\/strong><\/li>\n<\/ul>\n<p>Terre di Ger si riserva il diritto di apportare modifiche alla presente informativa in qualsiasi momento, dandone idonea pubblicit\u00e0 agli Utenti del Sito e garantendo in ogni caso adeguata ed analoga protezione dei dati personali. Al fine di visionare eventuali modifiche, l\u2019Utente \u00e8 invitato a consultare con regolarit\u00e0 la presente informativa.<\/p>\n<p>Ad ogni modo, qualora Terre di Ger dovesse apportare modifiche sostanziali alla presente informativa (ad es. trattamento dei dati personali per diverse ed ulteriori finalit\u00e0), ne dar\u00e0 comunicazione agli interessati a mezzo e-mail.<\/p>\n<p>&nbsp;<\/p>\n<p><strong>Letta la Privacy Policy, accetto di ricevere da Terre di Ger newsletter con promozioni di Terre di Ger e dei suoi Partner.<\/strong><\/p>\n<p>&nbsp;<\/p>\n","protected":false},"excerpt":{"rendered":"<p>Privacy Policy Ai sensi e per gli effetti di quanto disposto dal Regolamento (UE) 2016\/679 del Parlamento Europeo e del Consiglio del 27 aprile 2016 (GDPR), si informa che la presente informativa privacy si applica ai dati personali forniti a Terre di Ger o che&#8230;<\/p>\n","protected":false},"author":1,"featured_media":0,"parent":0,"menu_order":0,"comment_status":"closed","ping_status":"open","template":"","meta":{"footnotes":""},"class_list":["post-3","page","type-page","status-publish","hentry"],"_links":{"self":[{"href":"https:\/\/terrediger.it\/shop\/wp-json\/wp\/v2\/pages\/3","targetHints":{"allow":["GET"]}}],"collection":[{"href":"https:\/\/terrediger.it\/shop\/wp-json\/wp\/v2\/pages"}],"about":[{"href":"https:\/\/terrediger.it\/shop\/wp-json\/wp\/v2\/types\/page"}],"author":[{"embeddable":true,"href":"https:\/\/terrediger.it\/shop\/wp-json\/wp\/v2\/users\/1"}],"replies":[{"embeddable":true,"href":"https:\/\/terrediger.it\/shop\/wp-json\/wp\/v2\/comments?post=3"}],"version-history":[{"count":12,"href":"https:\/\/terrediger.it\/shop\/wp-json\/wp\/v2\/pages\/3\/revisions"}],"predecessor-version":[{"id":359,"href":"https:\/\/terrediger.it\/shop\/wp-json\/wp\/v2\/pages\/3\/revisions\/359"}],"wp:attachment":[{"href":"https:\/\/terrediger.it\/shop\/wp-json\/wp\/v2\/media?parent=3"}],"curies":[{"name":"wp","href":"https:\/\/api.w.org\/{rel}","templated":true}]}}