
{"id":42,"date":"2020-11-23T16:16:47","date_gmt":"2020-11-23T15:16:47","guid":{"rendered":"https:\/\/terrediger.it\/shop\/?post_type=product&#038;p=42"},"modified":"2025-05-16T18:18:47","modified_gmt":"2025-05-16T16:18:47","slug":"sauvignon-blanc","status":"publish","type":"product","link":"https:\/\/terrediger.it\/shop\/prodotto\/sauvignon-blanc\/","title":{"rendered":"Sauvignon Blanc | 2024"},"content":{"rendered":"","protected":false},"excerpt":{"rendered":"<div class=\"uk-child-width-expand uk-grid-column-small uk-grid\">\n<div class=\"uk-width-small uk-text-break uk-first-column\">\n<p>&nbsp;<\/p>\n<p><em><strong>L\u2019aromatico del Friuli.<\/strong><\/em><\/p>\n<p>&nbsp;<\/p>\n<p><strong>Denominazione:<\/strong> IGP Trevenezie<br \/>\n<strong>Uve:<\/strong> 100% Sauvignon Blanc<br \/>\n<strong>In cantina:<\/strong> Fermentazione e maturazione in acciaio inox con frequenti b\u00e2tonnage.<br \/>\n<strong>Degustazione:<\/strong> Vino dal colore giallo paglierino, con eleganti sentori agrumati di mandarino misti a note erbacee di salvia e foglia di pomodoro. Gusto fresco e sapido, di media struttura e con tipico retrogusto fruttato di pesca. Con la sua complessit\u00e0 di profumi e aromaticit\u00e0 \u00e8 un vino estremamemente versatile da abbinare dagli aperitivi ai secondi leggeri.<br \/>\n<strong>Gradazione:<\/strong> 14,5 % vol<br \/>\n<strong>Servizio:<\/strong> 8-10\u00b0C<br \/>\n<strong>Formati:<\/strong> 0,75 l<\/p>\n<\/div>\n<p>&nbsp;<\/p>\n<p>Richiedi la <a href=\"mailto:info@terrediger.it\"><strong>scheda tecnica<\/strong><\/a>.<\/p>\n<div class=\"uk-width-small uk-text-break uk-first-column\">\n<p>&nbsp;<\/p>\n<\/div>\n<\/div>\n","protected":false},"featured_media":67,"template":"","meta":[],"product_brand":[],"product_cat":[17,28],"product_tag":[],"class_list":{"0":"post-42","1":"product","2":"type-product","3":"status-publish","4":"has-post-thumbnail","6":"product_cat-vini-bianchi","7":"product_cat-linea-classica","9":"first","10":"instock","11":"shipping-taxable","12":"purchasable","13":"product-type-simple"},"_links":{"self":[{"href":"https:\/\/terrediger.it\/shop\/wp-json\/wp\/v2\/product\/42","targetHints":{"allow":["GET"]}}],"collection":[{"href":"https:\/\/terrediger.it\/shop\/wp-json\/wp\/v2\/product"}],"about":[{"href":"https:\/\/terrediger.it\/shop\/wp-json\/wp\/v2\/types\/product"}],"wp:featuredmedia":[{"embeddable":true,"href":"https:\/\/terrediger.it\/shop\/wp-json\/wp\/v2\/media\/67"}],"wp:attachment":[{"href":"https:\/\/terrediger.it\/shop\/wp-json\/wp\/v2\/media?parent=42"}],"wp:term":[{"taxonomy":"product_brand","embeddable":true,"href":"https:\/\/terrediger.it\/shop\/wp-json\/wp\/v2\/product_brand?post=42"},{"taxonomy":"product_cat","embeddable":true,"href":"https:\/\/terrediger.it\/shop\/wp-json\/wp\/v2\/product_cat?post=42"},{"taxonomy":"product_tag","embeddable":true,"href":"https:\/\/terrediger.it\/shop\/wp-json\/wp\/v2\/product_tag?post=42"}],"curies":[{"name":"wp","href":"https:\/\/api.w.org\/{rel}","templated":true}]}}